{"id":28768,"date":"2024-07-26T12:03:05","date_gmt":"2024-07-26T12:03:05","guid":{"rendered":"https:\/\/electronica-submarina.com\/aviso-legal\/"},"modified":"2026-02-18T08:38:39","modified_gmt":"2026-02-18T08:38:39","slug":"aviso-legal","status":"publish","type":"page","link":"https:\/\/electronica-submarina.com\/en\/aviso-legal\/","title":{"rendered":"Aviso legal"},"content":{"rendered":"\t\t<div data-elementor-type=\"wp-page\" data-elementor-id=\"28768\" class=\"elementor elementor-28768 elementor-28099\" data-elementor-post-type=\"page\">\n\t\t\t\t<div class=\"elementor-element elementor-element-777e736 e-flex e-con-boxed e-con e-parent\" data-id=\"777e736\" data-element_type=\"container\" data-e-type=\"container\" data-settings=\"{&quot;jet_parallax_layout_list&quot;:[]}\">\n\t\t\t\t\t<div class=\"e-con-inner\">\n\t\t<div class=\"elementor-element elementor-element-3c0f3e2 e-con-full e-flex e-con e-child\" data-id=\"3c0f3e2\" data-element_type=\"container\" data-e-type=\"container\" data-settings=\"{&quot;background_background&quot;:&quot;classic&quot;,&quot;jet_parallax_layout_list&quot;:[]}\">\n\t\t\t\t<div class=\"elementor-element elementor-element-07ef874 elementor-widget elementor-widget-jet-breadcrumbs\" data-id=\"07ef874\" data-element_type=\"widget\" data-e-type=\"widget\" data-widget_type=\"jet-breadcrumbs.default\">\n\t\t\t\t<div class=\"elementor-widget-container\">\n\t\t\t\t\t<div class=\"elementor-jet-breadcrumbs jet-blocks\">\n\t\t<div class=\"jet-breadcrumbs\">\n\t\t<div class=\"jet-breadcrumbs__content\">\n\t\t<div class=\"jet-breadcrumbs__wrap\"><div class=\"jet-breadcrumbs__item\"><a href=\"https:\/\/electronica-submarina.com\/en\/\" class=\"jet-breadcrumbs__item-link is-home\" rel=\"home\" title=\"Home\">Home<\/a><\/div>\n\t\t<\/div>\n\t\t<\/div>\n\t\t<\/div><\/div>\t\t\t\t<\/div>\n\t\t\t\t<\/div>\n\t\t<div class=\"elementor-element elementor-element-8241f99 e-con-full e-flex e-con e-child\" data-id=\"8241f99\" data-element_type=\"container\" data-e-type=\"container\" data-settings=\"{&quot;jet_parallax_layout_list&quot;:[]}\">\n\t\t\t\t<div class=\"elementor-element elementor-element-645107b elementor-widget elementor-widget-heading\" data-id=\"645107b\" data-element_type=\"widget\" data-e-type=\"widget\" data-widget_type=\"heading.default\">\n\t\t\t\t<div class=\"elementor-widget-container\">\n\t\t\t\t\t<h1 class=\"elementor-heading-title elementor-size-default\">Ethical Channel_<\/h1>\t\t\t\t<\/div>\n\t\t\t\t<\/div>\n\t\t\t\t<\/div>\n\t\t\t\t<div class=\"elementor-element elementor-element-d4676e6 elementor-widget elementor-widget-text-editor\" data-id=\"d4676e6\" data-element_type=\"widget\" data-e-type=\"widget\" data-widget_type=\"text-editor.default\">\n\t\t\t\t<div class=\"elementor-widget-container\">\n\t\t\t\t\t\t\t\t\t<p>This website is intended to provide the general public with information regarding SAES products and services. Please read the following information carefully before using this website. If you do not agree with the detailed considerations, please do not make use of this website, since any use you make of it or of the services and contents included in it will imply the acceptance of the legal terms included in this text.<\/p>\n\t\t\t\t\t\t\t\t<\/div>\n\t\t\t\t<\/div>\n\t\t\t\t<\/div>\n\t\t<div class=\"elementor-element elementor-element-bd211ac e-con-full e-flex e-con e-child\" data-id=\"bd211ac\" data-element_type=\"container\" data-e-type=\"container\" data-settings=\"{&quot;jet_parallax_layout_list&quot;:[]}\">\n\t\t\t\t<div class=\"elementor-element elementor-element-de81254 elementor-widget elementor-widget-jet-accordion\" data-id=\"de81254\" data-element_type=\"widget\" data-e-type=\"widget\" data-widget_type=\"jet-accordion.default\">\n\t\t\t\t<div class=\"elementor-widget-container\">\n\t\t\t\t\t\t\t\t\t<div class=\"jet-accordion\" data-settings=\"{&quot;collapsible&quot;:true,&quot;ajaxTemplate&quot;:false,&quot;switchScrolling&quot;:false,&quot;switchScrollingOffset&quot;:0,&quot;switchScrollingDelay&quot;:500}\">\n\t\t\t<div class=\"jet-accordion__inner\">\n\t\t\t\t<div class=\" jet-accordion__item jet-toggle jet-toggle-fade-effect \">\n\t\t\t\t\t\t\t<div id=\"jet-toggle-control-2331\" class=\"jet-toggle__control elementor-menu-anchor\" data-toggle=\"1\" role=\"button\" tabindex=\"0\" aria-controls=\"jet-toggle-content-2331\" aria-expanded=\"false\" data-template-id=\"false\">\n\t\t\t\t\t\t\t\t<div class=\"jet-toggle__label-icon jet-toggle-icon-position-right\"><span class=\"jet-toggle__icon icon-normal jet-tabs-icon\"><svg xmlns=\"http:\/\/www.w3.org\/2000\/svg\" id=\"Layer_2\" data-name=\"Layer 2\" viewBox=\"0 0 20.4 18.91\"><defs><style>      .cls-1 {        fill: #fff;        stroke-width: 0px;      }    <\/style><\/defs><g id=\"Primer_plano\" data-name=\"Primer plano\"><path class=\"cls-1\" d=\"M20.4,8.3v2.3L0,18.91v-2.21l18.1-7.25L0,2.21V0l20.4,8.3Z\"><\/path><\/g><\/svg><\/span><span class=\"jet-toggle__icon icon-active jet-tabs-icon\"><svg xmlns=\"http:\/\/www.w3.org\/2000\/svg\" id=\"Layer_2\" data-name=\"Layer 2\" viewBox=\"0 0 18.91 20.4\"><defs><style>      .cls-1 {        fill: #fff;        stroke-width: 0px;      }    <\/style><\/defs><g id=\"Primer_plano\" data-name=\"Primer plano\"><path class=\"cls-1\" d=\"M8.3,0h2.3l8.3,20.4h-2.21L9.46,2.3,2.21,20.4H0L8.3,0Z\"><\/path><\/g><\/svg><\/span><\/div><div class=\"jet-toggle__label-text\">RESPONSABLE DE LOS SITIOS WEB DE SAES<\/div>\t\t\t\t\t\t\t<\/div>\n\t\t\t\t\t\t\t<div id=\"jet-toggle-content-2331\" class=\"jet-toggle__content\" data-toggle=\"1\" role=\"region\" data-template-id=\"false\">\n\t\t\t\t\t\t\t\t<div class=\"jet-toggle__content-inner\"><p><b>Denominaci\u00f3n social:\u00a0<\/b>SOCIEDAD AN\u00d3NIMA DE ELECTRONICA SUBMARINA S.M.E<\/p>\n<p><b>NIF:<\/b>\u00a0A79144267<\/p>\n<p><b>NIF de Operador Intracomunitario:\u00a0<\/b>ESA79144267<\/p>\n<p><b>Domicilio social:<\/b>\u00a0Ctra. Algameca s\/n, 30205, Cartagena (Murcia, Espa\u00f1a)<\/p>\n<p><b>Contacto:<\/b><\/p>\n<p>\u2022 Tel\u00e9fono: +34 968 508214<\/p>\n<p>\u2022 Fax: +34 968 50 77 13<\/p>\n<p>\u2022 Direcci\u00f3n de correo electr\u00f3nico: saes@electronica-submarina.com\u00a0<\/p>\n<p>\u2022 Formulario online de contacto\u00a0<\/p>\n<p><b>Registros:<\/b><\/p>\n<p>\u2022 Datos de inscripci\u00f3n en el Registro Mercantil de Murcia: Tomo 509, Folio 148, Secci\u00f3n 3a, Hoja 9005, Inscripci\u00f3n la.<\/p>\n<p><b>Declaraciones, c\u00f3digos de conducta y normativa aplicable en la prestaci\u00f3n de servicios:<\/b><\/p>\n<p>\u2022 C\u00f3digos \u00e9ticos:\u00a0<a href=\"http:\/\/electronica-submarina.com\/wp-content\/uploads\/2018\/06\/SAES_16_0361_C%C3%B3digo-conducta-SAES-edici%C3%B3n-B.pdf\">C\u00f3digo de conducta<\/a>.<\/p>\n<p>\u2022 SAES se rige en su actuaci\u00f3n por el t\u00edtulo VII de la Ley del Patrimonio de las Administraciones P\u00fablicas (Ley 33\/2003, de 3 de noviembre) y por el ordenamiento jur\u00eddico privado (singularmente, por la Ley de Sociedades de Capital, texto refundido aprobado por el Real Decreto Legislativo 1\/2010, de 2 de julio), salvo en las materias en que le sea de aplicaci\u00f3n la normativa presupuestaria, contable, de control financiero y de contrataci\u00f3n.<\/p>\n<p>\u2022 Por ello, SAES, S.M.E est\u00e1 sujeta a la Ley Org\u00e1nica del Tribunal de Cuentas (Ley Org\u00e1nica 2\/1982, de 12 de mayo), a la Ley General Presupuestaria (Ley 47\/2003, de 26 de noviembre), a la Ley de Contratos del Sector P\u00fablico (texto refundido aprobado por el Real Decreto Legislativo 3\/2011, de 14 de noviembre) y a la Ley de Transparencia, Acceso a la Informaci\u00f3n P\u00fablica y Buen Gobierno ( Ley 19\/2013, de 9 de diciembre)<\/p>\n<p>\u2022 Asimismo y de acuerdo con el\u00a0 art\u00edculo 192\u00a0 del mencionado\u00a0 Real Decreto Legislativo 3\/2011, SAES\u00a0 aprob\u00f3 unas\u00a0 instrucciones de contrataci\u00f3n\u00a0 (Instrucciones Internas de Contrataci\u00f3n de SAES)\u00a0 con el objeto de que los procedimientos de adjudicaci\u00f3n, en los que SAES\u00a0 ostenta la condici\u00f3n de entidad contratante,\u00a0 se ajusten a los principios de publicidad, concurrencia, transparencia, confidencialidad, igualdad y no discriminaci\u00f3n.<\/p>\n<p><b>P\u00e1ginas de SAES (En adelante, Sitio Web):<\/b><\/p>\n<p>\u2022 P\u00e1gina web principal: www.electronica-submarina.com<\/p>\n<p>\u2022 P\u00e1ginas web de servicio o secundarias: www.electronica-submarina.es, www.saes.com.es<\/p>\n<p>\u2022 Perfiles sociales:\u00a0 Twitter, LinkedIn, Youtube<\/p>\n<\/div>\n\t\t\t\t\t\t\t<\/div>\n\t\t\t\t\t\t<\/div><div class=\" jet-accordion__item jet-toggle jet-toggle-fade-effect \">\n\t\t\t\t\t\t\t<div id=\"jet-toggle-control-2332\" class=\"jet-toggle__control elementor-menu-anchor\" data-toggle=\"2\" role=\"button\" tabindex=\"0\" aria-controls=\"jet-toggle-content-2332\" aria-expanded=\"false\" data-template-id=\"false\">\n\t\t\t\t\t\t\t\t<div class=\"jet-toggle__label-icon jet-toggle-icon-position-right\"><span class=\"jet-toggle__icon icon-normal jet-tabs-icon\"><i class=\"fas fa-plus\"><\/i><\/span><span class=\"jet-toggle__icon icon-active jet-tabs-icon\"><i class=\"fas fa-minus\"><\/i><\/span><\/div><div class=\"jet-toggle__label-text\">CONDICIONES GENERALES DE USO Y ADVERTENCIAS LEGALES.<\/div>\t\t\t\t\t\t\t<\/div>\n\t\t\t\t\t\t\t<div id=\"jet-toggle-content-2332\" class=\"jet-toggle__content\" data-toggle=\"2\" role=\"region\" data-template-id=\"false\">\n\t\t\t\t\t\t\t\t<div class=\"jet-toggle__content-inner\"><p>SAES se reserva el derecho a realizar cambios en la p\u00e1gina Web sin previo aviso, con el objeto de actualizar, corregir, modificar, a\u00f1adir o eliminar los contenidos de la misma o de su dise\u00f1o. Los contenidos y servicios que ofrece la Web se actualizan peri\u00f3dicamente. Debido a que la actualizaci\u00f3n de la informaci\u00f3n no es inmediata, le sugerimos que compruebe siempre la vigencia y exactitud de la informaci\u00f3n, servicios y contenidos recogidos en la p\u00e1gina Web. La informaci\u00f3n de esta p\u00e1gina Web se proporciona sin garant\u00eda de ninguna clase, ni expl\u00edcita ni impl\u00edcita, y podr\u00e1 cambiarse o actualizarse sin previo aviso.<\/p>\n<p>El idioma oficial de los contenidos de esta Web ser\u00e1 el espa\u00f1ol, quedando exenta SAES de toda responsabilidad derivada de la falta de comprensi\u00f3n o entendimiento de sus respectivas traducciones.<\/p>\n<p>Queda expresamente prohibido cualquier alteraci\u00f3n, cambio, modificaci\u00f3n o adaptaci\u00f3n de esta p\u00e1gina Web o de cualquier informaci\u00f3n que la misma contenga.<\/p>\n<p>Estas condiciones generales se rigen por la ley espa\u00f1ola. Para cualquier controversia que pudiera derivarse de la aplicaci\u00f3n e interpretaci\u00f3n de las mismas, SAES y el Usuario, con renuncia expresa a cualquier otro fuero, se someten al de los Juzgados y Tribunales de la ciudad de Cartagena (Espa\u00f1a).<\/p>\n<p>Toda la informaci\u00f3n que reciba SAES a trav\u00e9s de este sitio Web no se considerar\u00e1 confidencial salvo que est\u00e9 contemplada en el apartado de confidencialidad de datos. Cualquier otra informaci\u00f3n que sea enviada a SAES a trav\u00e9s de estas p\u00e1ginas Web podr\u00e1 ser utilizada, reproducida, transformada, transmitida o difundida por SAES a voluntad.<\/p>\n<p>SAES no asume responsabilidad alguna derivada de los contenidos que terceras partes hayan incluido en los hiperv\u00ednculos a los que se hace referencia en esta p\u00e1gina. El establecimiento del hiperv\u00ednculo no implica en ning\u00fan caso la existencia de relaciones entre SAES y el propietario de la p\u00e1gina Web en la que se establezca, ni la aceptaci\u00f3n y aprobaci\u00f3n por parte de SAES de sus contenidos o servicios all\u00ed ofrecidos puestos a disposici\u00f3n del p\u00fablico.<\/p>\n<p>SAES no se hace responsable de ning\u00fan da\u00f1o o perjuicio en el software o hardware del Usuario que se derive del acceso a su p\u00e1gina Web o del uso de informaci\u00f3n o aplicaciones en ella contenidas. As\u00ed mismo no se responsabiliza ni garantiza la disponibilidad y continuidad en el acceso a esta p\u00e1gina Web o que el mismo est\u00e9 libre de errores.<\/p>\n<p>El Usuario responder\u00e1 de los da\u00f1os y perjuicios de toda naturaleza que SAES pueda sufrir como consecuencia del incumplimiento de cualquiera de las obligaciones a las que queda sometido por las presentes condiciones. El Usuario es consciente y acepta voluntariamente que el uso de cualesquiera contenidos de esta p\u00e1gina Web tiene lugar, en todo caso, bajo su \u00fanica y exclusiva responsabilidad.<\/p>\n<p>SAES ha elaborado este aviso legal por iniciativa propia tomando como base los textos legales disponibles bajo Licencia CC By en la p\u00e1gina web www.abanlex.com.<\/p>\n<\/div>\n\t\t\t\t\t\t\t<\/div>\n\t\t\t\t\t\t<\/div><div class=\" jet-accordion__item jet-toggle jet-toggle-fade-effect \">\n\t\t\t\t\t\t\t<div id=\"jet-toggle-control-2333\" class=\"jet-toggle__control elementor-menu-anchor\" data-toggle=\"3\" role=\"button\" tabindex=\"0\" aria-controls=\"jet-toggle-content-2333\" aria-expanded=\"false\" data-template-id=\"false\">\n\t\t\t\t\t\t\t\t<div class=\"jet-toggle__label-icon jet-toggle-icon-position-right\"><span class=\"jet-toggle__icon icon-normal jet-tabs-icon\"><i class=\"fas fa-plus\"><\/i><\/span><span class=\"jet-toggle__icon icon-active jet-tabs-icon\"><i class=\"fas fa-minus\"><\/i><\/span><\/div><div class=\"jet-toggle__label-text\">MARCA Y PROPIEDAD INTELECTUAL E INDUSTRIAL<\/div>\t\t\t\t\t\t\t<\/div>\n\t\t\t\t\t\t\t<div id=\"jet-toggle-content-2333\" class=\"jet-toggle__content\" data-toggle=\"3\" role=\"region\" data-template-id=\"false\">\n\t\t\t\t\t\t\t\t<div class=\"jet-toggle__content-inner\"><p>SAES es titular de todos los derechos de propiedad industrial e intelectual referidos a la marca SAES, los dominios y los dem\u00e1s activos digitales, incluidos los contenidos del sitio web y de los perfiles en redes sociales, a excepci\u00f3n de los derechos sobre productos y servicios que no son propiedad de esta Compa\u00f1\u00eda, cuyas marcas est\u00e1n registradas a favor de sus respectivos titulares, y como tal son reconocidas por SAES.\u00a0<\/p>\n<p>Esta p\u00e1gina Web puede contener referencias a marcas comerciales o marcas registradas de SAES. Queda prohibido su uso sin el consentimiento previo y expreso de SAES. Todas las dem\u00e1s referencias a otras marcas comerciales o registradas pertenecen a sus respectivos propietarios.<\/p>\n<p>Cualquier persona est\u00e1 autorizada para ver, copiar, imprimir y distribuir cualquier documento publicado por SAES en esta p\u00e1gina Web teniendo en cuenta que:<\/p>\n<ul>\n<li>Dicho documento ser\u00e1 utilizado exclusivamente con fines informativos.<\/li>\n<li>Dicho documento no podr\u00e1 ser utilizado con fines comerciales.<\/li>\n<li>Dicho documento deber\u00e1 siempre incluir referencia de que es propiedad de\u00a0SAES.<\/li>\n<\/ul>\n<p>SAES no concede ninguna licencia o autorizaci\u00f3n de uso de ninguna clase distinta de las anteriores sobre sus derechos de propiedad industrial e intelectual, secretos empresariales o sobre cualquier otra propiedad o derecho relacionado con la p\u00e1gina Web y sus contenidos.<\/p>\n<p>Los materiales en esta p\u00e1gina Web est\u00e1n protegidos por derechos de autor y cualquier uso no autorizado de cualquier material de esta p\u00e1gina Web puede violar la normativa sobre derechos de autor, marcas y otras regulaciones. En algunos contenidos se utilizan im\u00e1genes conforme a la licencia de shutterstock. La autorizaci\u00f3n concedida para utilizar esta p\u00e1gina Web se entender\u00e1 autom\u00e1ticamente terminada en caso de infringir cualquiera de estas Condiciones, estando obligado a destruir inmediatamente cualquier material obtenido o impreso de la p\u00e1gina Web.<\/p>\n<p>El uso no autorizado de la informaci\u00f3n contenida en este sitio web, as\u00ed como la lesi\u00f3n de los derechos de propiedad intelectual o industrial dar\u00e1 lugar a las responsabilidades legalmente establecidas.<\/p>\n<p>\u00a0<b>COPYRIGHT:<\/b>\u00a0\u00a9 Copyright 2018 Sociedad An\u00f3nima de Electr\u00f3nica Submarina. Prohibida su reproducci\u00f3n total o parcial. Reservados todos los derechos.<\/p>\n<\/div>\n\t\t\t\t\t\t\t<\/div>\n\t\t\t\t\t\t<\/div><div class=\" jet-accordion__item jet-toggle jet-toggle-fade-effect \">\n\t\t\t\t\t\t\t<div id=\"jet-toggle-control-2334\" class=\"jet-toggle__control elementor-menu-anchor\" data-toggle=\"4\" role=\"button\" tabindex=\"0\" aria-controls=\"jet-toggle-content-2334\" aria-expanded=\"false\" data-template-id=\"false\">\n\t\t\t\t\t\t\t\t<div class=\"jet-toggle__label-icon jet-toggle-icon-position-right\"><span class=\"jet-toggle__icon icon-normal jet-tabs-icon\"><i class=\"fas fa-plus\"><\/i><\/span><span class=\"jet-toggle__icon icon-active jet-tabs-icon\"><i class=\"fas fa-minus\"><\/i><\/span><\/div><div class=\"jet-toggle__label-text\">NORMATIVA Y RESOLUCI\u00d3N DE CONFLICTOS<\/div>\t\t\t\t\t\t\t<\/div>\n\t\t\t\t\t\t\t<div id=\"jet-toggle-content-2334\" class=\"jet-toggle__content\" data-toggle=\"4\" role=\"region\" data-template-id=\"false\">\n\t\t\t\t\t\t\t\t<div class=\"jet-toggle__content-inner\"><p>Las presentes Condiciones de Uso del Sitio Web se rigen en todos y cada uno de sus extremos por la ley espa\u00f1ola. El idioma de redacci\u00f3n e interpretaci\u00f3n de este aviso legal es el espa\u00f1ol. Este aviso legal no se archivar\u00e1 individualmente para cada usuario sino que permanecer\u00e1 accesible por medio de Internet en este mismo Sitio Web.<\/p>\n<p>Siempre que el Usuario no sea consumidor o usuario, y cuando no haya una norma que obligue a otra cosa, las partes acuerdan someterse a los Juzgados y Tribunales de Cartagena, por ser este el lugar de celebraci\u00f3n del contrato, con renuncia expresa a cualquier otra jurisdicci\u00f3n que pudiera corresponderles.<\/p>\n<\/div>\n\t\t\t\t\t\t\t<\/div>\n\t\t\t\t\t\t<\/div>\t\t\t<\/div>\n\t\t<\/div>\n\t\t\t\t\t\t<\/div>\n\t\t\t\t<\/div>\n\t\t\t\t<\/div>\n\t\t\t\t\t<\/div>\n\t\t\t\t<\/div>\n\t\t\t\t<\/div>\n\t\t","protected":false},"excerpt":{"rendered":"<p>Inicio Ethical Channel_ This website is intended to provide the general public with information regarding SAES products and services. Please read the following information carefully before using this website. If you do not agree with the detailed considerations, please do not make use of this website, since any use you make of it or of &#8230; <a title=\"Aviso legal\" class=\"read-more\" href=\"https:\/\/electronica-submarina.com\/en\/aviso-legal\/\" aria-label=\"Read more about Aviso legal\">Read more<\/a><\/p>\n","protected":false},"author":1,"featured_media":0,"parent":0,"menu_order":0,"comment_status":"closed","ping_status":"closed","template":"","meta":{"footnotes":""},"class_list":["post-28768","page","type-page","status-publish"],"_links":{"self":[{"href":"https:\/\/electronica-submarina.com\/en\/wp-json\/wp\/v2\/pages\/28768","targetHints":{"allow":["GET"]}}],"collection":[{"href":"https:\/\/electronica-submarina.com\/en\/wp-json\/wp\/v2\/pages"}],"about":[{"href":"https:\/\/electronica-submarina.com\/en\/wp-json\/wp\/v2\/types\/page"}],"author":[{"embeddable":true,"href":"https:\/\/electronica-submarina.com\/en\/wp-json\/wp\/v2\/users\/1"}],"replies":[{"embeddable":true,"href":"https:\/\/electronica-submarina.com\/en\/wp-json\/wp\/v2\/comments?post=28768"}],"version-history":[{"count":12,"href":"https:\/\/electronica-submarina.com\/en\/wp-json\/wp\/v2\/pages\/28768\/revisions"}],"predecessor-version":[{"id":34841,"href":"https:\/\/electronica-submarina.com\/en\/wp-json\/wp\/v2\/pages\/28768\/revisions\/34841"}],"wp:attachment":[{"href":"https:\/\/electronica-submarina.com\/en\/wp-json\/wp\/v2\/media?parent=28768"}],"curies":[{"name":"wp","href":"https:\/\/api.w.org\/{rel}","templated":true}]}}