{"id":28794,"date":"2024-07-10T12:13:44","date_gmt":"2024-07-10T12:13:44","guid":{"rendered":"https:\/\/electronica-submarina.com\/innovation\/rdi-projects-in-underwater-technology\/"},"modified":"2026-04-14T21:15:54","modified_gmt":"2026-04-14T21:15:54","slug":"rdi-projects-in-underwater-technology","status":"publish","type":"page","link":"https:\/\/electronica-submarina.com\/en\/innovation\/rdi-projects-in-underwater-technology\/","title":{"rendered":"R&amp;D&amp;I projects in underwater technology"},"content":{"rendered":"\t\t<div data-elementor-type=\"wp-page\" data-elementor-id=\"28794\" class=\"elementor elementor-28794 elementor-1217\" data-elementor-post-type=\"page\">\n\t\t\t\t<div class=\"elementor-element elementor-element-1e54314 e-flex e-con-boxed e-con e-parent\" data-id=\"1e54314\" data-element_type=\"container\" data-e-type=\"container\" data-settings=\"{&quot;jet_parallax_layout_list&quot;:[]}\">\n\t\t\t\t\t<div class=\"e-con-inner\">\n\t\t<div class=\"elementor-element elementor-element-493a281 e-con-full e-flex e-con e-child\" data-id=\"493a281\" data-element_type=\"container\" data-e-type=\"container\" data-settings=\"{&quot;jet_parallax_layout_list&quot;:[]}\">\n\t\t\t\t<div class=\"elementor-element elementor-element-5c70bc1 elementor-widget__width-initial elementor-invisible elementor-widget elementor-widget-heading\" data-id=\"5c70bc1\" data-element_type=\"widget\" data-e-type=\"widget\" data-settings=\"{&quot;_animation&quot;:&quot;fadeIn&quot;,&quot;_animation_delay&quot;:50}\" data-widget_type=\"heading.default\">\n\t\t\t\t<div class=\"elementor-widget-container\">\n\t\t\t\t\t<h1 class=\"elementor-heading-title elementor-size-default\">Proyectos de I+D+i en tecnolog\u00eda submarina<\/h1>\t\t\t\t<\/div>\n\t\t\t\t<\/div>\n\t\t\t\t<div class=\"elementor-element elementor-element-68499af elementor-widget__width-inherit elementor-invisible elementor-widget elementor-widget-heading\" data-id=\"68499af\" data-element_type=\"widget\" data-e-type=\"widget\" data-settings=\"{&quot;_animation&quot;:&quot;fadeIn&quot;,&quot;_animation_delay&quot;:100}\" data-widget_type=\"heading.default\">\n\t\t\t\t<div class=\"elementor-widget-container\">\n\t\t\t\t\t<p class=\"elementor-heading-title elementor-size-default\">SAES es una sociedad comprometida con la Investigaci\u00f3n, el Desarrollo y la Innovaci\u00f3n en el \u00e1mbito submarino. La mayor\u00eda de nuestros productos son desarrollos completamente realizados en Espa\u00f1a por t\u00e9cnicos propios y con recursos propios de la sociedad sin dependencia tecnol\u00f3gica externa. Adem\u00e1s, ejerce una importante labor de transferencia tecnol\u00f3gica presentando sus productos en los principales eventos y ferias internacionales y colaborando con distintos organismos y compa\u00f1\u00edas.<\/p>\t\t\t\t<\/div>\n\t\t\t\t<\/div>\n\t\t\t\t<\/div>\n\t\t\t\t\t<\/div>\n\t\t\t\t<\/div>\n\t\t<div class=\"elementor-element elementor-element-1ff80e4 e-flex e-con-boxed e-con e-parent\" data-id=\"1ff80e4\" data-element_type=\"container\" data-e-type=\"container\" data-settings=\"{&quot;jet_parallax_layout_list&quot;:[]}\">\n\t\t\t\t\t<div class=\"e-con-inner\">\n\t\t<div class=\"elementor-element elementor-element-7de1cf0 e-con-full e-flex e-con e-child\" data-id=\"7de1cf0\" data-element_type=\"container\" data-e-type=\"container\" data-settings=\"{&quot;jet_parallax_layout_list&quot;:[]}\">\n\t\t<div class=\"elementor-element elementor-element-93df595 e-con-full e-flex e-con e-child\" data-id=\"93df595\" data-element_type=\"container\" data-e-type=\"container\" data-settings=\"{&quot;jet_parallax_layout_list&quot;:[]}\">\n\t\t\t\t<div class=\"elementor-element elementor-element-662db71 elementor-widget elementor-widget-image\" data-id=\"662db71\" data-element_type=\"widget\" data-e-type=\"widget\" data-settings=\"{&quot;motion_fx_motion_fx_mouse&quot;:&quot;yes&quot;,&quot;motion_fx_tilt_effect&quot;:&quot;yes&quot;,&quot;motion_fx_tilt_speed&quot;:{&quot;unit&quot;:&quot;px&quot;,&quot;size&quot;:1.2,&quot;sizes&quot;:[]}}\" data-widget_type=\"image.default\">\n\t\t\t\t<div class=\"elementor-widget-container\">\n\t\t\t\t\t\t\t\t\t\t\t\t\t\t\t<img fetchpriority=\"high\" decoding=\"async\" width=\"1024\" height=\"683\" src=\"https:\/\/electronica-submarina.com\/wp-content\/uploads\/2024\/07\/shutterstock_1156844725-1024x683.webp\" class=\"attachment-large size-large wp-image-1119\" alt=\"\" srcset=\"https:\/\/electronica-submarina.com\/wp-content\/uploads\/2024\/07\/shutterstock_1156844725-1024x683.webp 1024w, https:\/\/electronica-submarina.com\/wp-content\/uploads\/2024\/07\/shutterstock_1156844725-300x200.webp 300w, https:\/\/electronica-submarina.com\/wp-content\/uploads\/2024\/07\/shutterstock_1156844725-768x512.webp 768w, https:\/\/electronica-submarina.com\/wp-content\/uploads\/2024\/07\/shutterstock_1156844725-1536x1024.webp 1536w, https:\/\/electronica-submarina.com\/wp-content\/uploads\/2024\/07\/shutterstock_1156844725-2048x1365.webp 2048w\" sizes=\"(max-width: 1024px) 100vw, 1024px\" \/>\t\t\t\t\t\t\t\t\t\t\t\t\t\t\t<\/div>\n\t\t\t\t<\/div>\n\t\t\t\t<\/div>\n\t\t<div class=\"elementor-element elementor-element-cad9a8a e-con-full e-flex e-con e-child\" data-id=\"cad9a8a\" data-element_type=\"container\" data-e-type=\"container\" data-settings=\"{&quot;jet_parallax_layout_list&quot;:[]}\">\n\t\t\t\t<div class=\"elementor-element elementor-element-46f2dfe elementor-widget__width-initial elementor-invisible elementor-widget elementor-widget-heading\" data-id=\"46f2dfe\" data-element_type=\"widget\" data-e-type=\"widget\" data-settings=\"{&quot;_animation&quot;:&quot;fadeIn&quot;,&quot;_animation_delay&quot;:100}\" data-widget_type=\"heading.default\">\n\t\t\t\t<div class=\"elementor-widget-container\">\n\t\t\t\t\t<h2 class=\"elementor-heading-title elementor-size-default\">A la vanguardia en procesamiento de se\u00f1ales submarinas.\u200b<\/h2>\t\t\t\t<\/div>\n\t\t\t\t<\/div>\n\t\t\t\t<div class=\"elementor-element elementor-element-24875cb elementor-widget elementor-widget-text-editor\" data-id=\"24875cb\" data-element_type=\"widget\" data-e-type=\"widget\" data-widget_type=\"text-editor.default\">\n\t\t\t\t<div class=\"elementor-widget-container\">\n\t\t\t\t\t\t\t\t\tLa innovaci\u00f3n en SAES es entendida de forma transversal y como palanca de cambio. Por tanto, se aplica no solo en el aspecto tecnol\u00f3gico sino tambi\u00e9n a la gesti\u00f3n y en todas las dimensiones de la organizaci\u00f3n.\u200b\n\nLa innovaci\u00f3n y el uso de las \u00faltimas tecnolog\u00edas se traducen en productos de gran calidad, capacidades y prestaciones.\u200b\n\nEl objetivo es crear soluciones de valor para nuestros clientes y contribuir al desarrollo del conocimiento.\u200b\t\t\t\t\t\t\t\t<\/div>\n\t\t\t\t<\/div>\n\t\t\t\t<\/div>\n\t\t\t\t<\/div>\n\t\t<div class=\"elementor-element elementor-element-cc91488 e-con-full e-flex e-con e-child\" data-id=\"cc91488\" data-element_type=\"container\" data-e-type=\"container\" data-settings=\"{&quot;jet_parallax_layout_list&quot;:[]}\">\n\t\t<div class=\"elementor-element elementor-element-9f12b23 e-con-full e-flex e-con e-child\" data-id=\"9f12b23\" data-element_type=\"container\" data-e-type=\"container\" data-settings=\"{&quot;jet_parallax_layout_list&quot;:[]}\">\n\t\t\t\t<div class=\"elementor-element elementor-element-dcdecd1 elementor-widget__width-initial elementor-invisible elementor-widget elementor-widget-heading\" data-id=\"dcdecd1\" data-element_type=\"widget\" data-e-type=\"widget\" data-settings=\"{&quot;_animation&quot;:&quot;fadeIn&quot;,&quot;_animation_delay&quot;:100}\" data-widget_type=\"heading.default\">\n\t\t\t\t<div class=\"elementor-widget-container\">\n\t\t\t\t\t<h2 class=\"elementor-heading-title elementor-size-default\">Colaboraci\u00f3n con universidades\ny centros tecnol\u00f3gicos.\u200b<\/h2>\t\t\t\t<\/div>\n\t\t\t\t<\/div>\n\t\t\t\t<div class=\"elementor-element elementor-element-0987129 elementor-widget elementor-widget-text-editor\" data-id=\"0987129\" data-element_type=\"widget\" data-e-type=\"widget\" data-widget_type=\"text-editor.default\">\n\t\t\t\t<div class=\"elementor-widget-container\">\n\t\t\t\t\t\t\t\t\t<p>Para el desarrollo de \u00e9stos y otros proyectos de I+D+i, SAES colabora con diferentes universidades y centros de Investigaci\u00f3n, como la Universidad Polit\u00e9cnica de Cartagena (UPCT), la Universidad de Murcia (UMU), la Universidad de M\u00e1laga (UMA) y la Universidad de Cantabria (UNICAN), el Instituto Espa\u00f1ol de Oceanograf\u00eda (IEO), as\u00ed como con el Centro Tecnol\u00f3gico Naval y del Mar (CTN) del que SAES es socio fundador. \u200bnto.\u200b<\/p>\n\t\t\t\t\t\t\t\t<\/div>\n\t\t\t\t<\/div>\n\t\t\t\t<\/div>\n\t\t<div class=\"elementor-element elementor-element-4b810d6 e-con-full e-flex e-con e-child\" data-id=\"4b810d6\" data-element_type=\"container\" data-e-type=\"container\" data-settings=\"{&quot;jet_parallax_layout_list&quot;:[]}\">\n\t\t\t\t<div class=\"elementor-element elementor-element-cf87089 elementor-widget elementor-widget-image\" data-id=\"cf87089\" data-element_type=\"widget\" data-e-type=\"widget\" data-settings=\"{&quot;motion_fx_motion_fx_mouse&quot;:&quot;yes&quot;,&quot;motion_fx_tilt_effect&quot;:&quot;yes&quot;,&quot;motion_fx_tilt_speed&quot;:{&quot;unit&quot;:&quot;px&quot;,&quot;size&quot;:1.2,&quot;sizes&quot;:[]}}\" data-widget_type=\"image.default\">\n\t\t\t\t<div class=\"elementor-widget-container\">\n\t\t\t\t\t\t\t\t\t\t\t\t\t\t\t<img decoding=\"async\" width=\"1024\" height=\"576\" src=\"https:\/\/electronica-submarina.com\/wp-content\/uploads\/2024\/07\/shutterstock_1752958067-1024x576.webp\" class=\"attachment-large size-large wp-image-1126\" alt=\"\" srcset=\"https:\/\/electronica-submarina.com\/wp-content\/uploads\/2024\/07\/shutterstock_1752958067-1024x576.webp 1024w, https:\/\/electronica-submarina.com\/wp-content\/uploads\/2024\/07\/shutterstock_1752958067-300x169.webp 300w, https:\/\/electronica-submarina.com\/wp-content\/uploads\/2024\/07\/shutterstock_1752958067-768x432.webp 768w, https:\/\/electronica-submarina.com\/wp-content\/uploads\/2024\/07\/shutterstock_1752958067-1536x864.webp 1536w, https:\/\/electronica-submarina.com\/wp-content\/uploads\/2024\/07\/shutterstock_1752958067-2048x1152.webp 2048w\" sizes=\"(max-width: 1024px) 100vw, 1024px\" \/>\t\t\t\t\t\t\t\t\t\t\t\t\t\t\t<\/div>\n\t\t\t\t<\/div>\n\t\t\t\t<\/div>\n\t\t\t\t<\/div>\n\t\t<div class=\"elementor-element elementor-element-045c842 e-con-full e-flex e-con e-child\" data-id=\"045c842\" data-element_type=\"container\" data-e-type=\"container\" data-settings=\"{&quot;jet_parallax_layout_list&quot;:[]}\">\n\t\t<div class=\"elementor-element elementor-element-c83e98e e-con-full e-flex e-con e-child\" data-id=\"c83e98e\" data-element_type=\"container\" data-e-type=\"container\" data-settings=\"{&quot;jet_parallax_layout_list&quot;:[]}\">\n\t\t\t\t<div class=\"elementor-element elementor-element-78fb905 elementor-widget__width-initial elementor-invisible elementor-widget elementor-widget-heading\" data-id=\"78fb905\" data-element_type=\"widget\" data-e-type=\"widget\" data-settings=\"{&quot;_animation&quot;:&quot;fadeIn&quot;,&quot;_animation_delay&quot;:100}\" data-widget_type=\"heading.default\">\n\t\t\t\t<div class=\"elementor-widget-container\">\n\t\t\t\t\t<h2 class=\"elementor-heading-title elementor-size-default\">Participaci\u00f3n en consorcios de \u00e1mbito nacional e internacional.<\/h2>\t\t\t\t<\/div>\n\t\t\t\t<\/div>\n\t\t\t\t<div class=\"elementor-element elementor-element-04e49b6 elementor-widget elementor-widget-text-editor\" data-id=\"04e49b6\" data-element_type=\"widget\" data-e-type=\"widget\" data-widget_type=\"text-editor.default\">\n\t\t\t\t<div class=\"elementor-widget-container\">\n\t\t\t\t\t\t\t\t\t<p>SAES ha finalizado en mayo de 2023 su participaci\u00f3n en el proyecto SEA Defence, seleccionado en la convocatoria EDIDP 2019, en diciembre de 2023 su participaci\u00f3n en el proyecto MIRICLE, seleccionado en la convocatoria EDIDP 2020 y en noviembre de 2024 su participaci\u00f3n en el proyecto METASUB, seleccionado en la convocatoria COINCIDENTE 2020. <\/p>\n<p>Actualmente participa en 10 consorcios creados para la realizaci\u00f3n de proyectos de I+D+i: EDIDP 2020 USSPS, EDF 2021 dTHOR, EDF 2021 EPC, EDF 2022 SWAT-SHOAL, EDF 2023 E= MCM, HORIZONTE EUROPA 2022 UnderSec, JPI Oceans SONORA y CINEA ECOSS en el \u00e1mbito internacional y, MISIONES CDTI 2022 ePark+ y PERTE SECTOR NAVAL 2023 BLUESIM en el \u00e1mbito nacional. Adicionalmente desarrolla el proyecto MIC seleccionado en la Convocatoria RETOS CAETRA 2023 en el \u00e1mbito de la Regi\u00f3n de Murcia.\u00a0<\/p>\n\t\t\t\t\t\t\t\t<\/div>\n\t\t\t\t<\/div>\n\t\t\t\t<div class=\"elementor-element elementor-element-2471d21 elementor-invisible elementor-widget elementor-widget-button\" data-id=\"2471d21\" data-element_type=\"widget\" data-e-type=\"widget\" data-settings=\"{&quot;_animation&quot;:&quot;fadeIn&quot;,&quot;_animation_delay&quot;:200}\" data-widget_type=\"button.default\">\n\t\t\t\t<div class=\"elementor-widget-container\">\n\t\t\t\t\t\t\t\t\t<div class=\"elementor-button-wrapper\">\n\t\t\t\t\t<a class=\"elementor-button elementor-button-link elementor-size-sm\" href=\"#elementor-action%3Aaction%3Dpopup%3Aopen%26settings%3DeyJpZCI6MzM1MzIsInRvZ2dsZSI6ZmFsc2V9\">\n\t\t\t\t\t\t<span class=\"elementor-button-content-wrapper\">\n\t\t\t\t\t\t\t\t\t<span class=\"elementor-button-text\">M\u00c1S PROYECTOS<\/span>\n\t\t\t\t\t<\/span>\n\t\t\t\t\t<\/a>\n\t\t\t\t<\/div>\n\t\t\t\t\t\t\t\t<\/div>\n\t\t\t\t<\/div>\n\t\t\t\t<\/div>\n\t\t\t\t<\/div>\n\t\t\t\t\t<\/div>\n\t\t\t\t<\/div>\n\t\t\t\t<\/div>\n\t\t","protected":false},"excerpt":{"rendered":"<p>Proyectos de I+D+i en tecnolog\u00eda submarina SAES es una sociedad comprometida con la Investigaci\u00f3n, el Desarrollo y la Innovaci\u00f3n en el \u00e1mbito submarino. La mayor\u00eda de nuestros productos son desarrollos completamente realizados en Espa\u00f1a por t\u00e9cnicos propios y con recursos propios de la sociedad sin dependencia tecnol\u00f3gica externa. Adem\u00e1s, ejerce una importante labor de transferencia &#8230; <a title=\"R&amp;D&amp;I projects in underwater technology\" class=\"read-more\" href=\"https:\/\/electronica-submarina.com\/en\/innovation\/rdi-projects-in-underwater-technology\/\" aria-label=\"Read more about R&amp;D&amp;I projects in underwater technology\">Read more<\/a><\/p>\n","protected":false},"author":1,"featured_media":0,"parent":28784,"menu_order":0,"comment_status":"closed","ping_status":"closed","template":"","meta":{"footnotes":""},"class_list":["post-28794","page","type-page","status-publish"],"_links":{"self":[{"href":"https:\/\/electronica-submarina.com\/en\/wp-json\/wp\/v2\/pages\/28794","targetHints":{"allow":["GET"]}}],"collection":[{"href":"https:\/\/electronica-submarina.com\/en\/wp-json\/wp\/v2\/pages"}],"about":[{"href":"https:\/\/electronica-submarina.com\/en\/wp-json\/wp\/v2\/types\/page"}],"author":[{"embeddable":true,"href":"https:\/\/electronica-submarina.com\/en\/wp-json\/wp\/v2\/users\/1"}],"replies":[{"embeddable":true,"href":"https:\/\/electronica-submarina.com\/en\/wp-json\/wp\/v2\/comments?post=28794"}],"version-history":[{"count":3,"href":"https:\/\/electronica-submarina.com\/en\/wp-json\/wp\/v2\/pages\/28794\/revisions"}],"predecessor-version":[{"id":35816,"href":"https:\/\/electronica-submarina.com\/en\/wp-json\/wp\/v2\/pages\/28794\/revisions\/35816"}],"up":[{"embeddable":true,"href":"https:\/\/electronica-submarina.com\/en\/wp-json\/wp\/v2\/pages\/28784"}],"wp:attachment":[{"href":"https:\/\/electronica-submarina.com\/en\/wp-json\/wp\/v2\/media?parent=28794"}],"curies":[{"name":"wp","href":"https:\/\/api.w.org\/{rel}","templated":true}]}}